{"id":7368,"date":"2026-02-18T17:42:26","date_gmt":"2026-02-18T16:42:26","guid":{"rendered":"https:\/\/www.campingbelleetoile.com\/umgebung\/"},"modified":"2026-03-05T14:37:47","modified_gmt":"2026-03-05T13:37:47","slug":"umgebung","status":"publish","type":"page","link":"https:\/\/www.campingbelleetoile.com\/de\/umgebung\/","title":{"rendered":"Umgebung"},"content":{"rendered":"\n<section class=\"wp-block-group section-blog has-global-padding is-layout-constrained wp-container-core-group-is-layout-991fbe71 wp-block-group-is-layout-constrained\" style=\"margin-top:0px;margin-bottom:0px;padding-top:8rem;padding-right:5rem;padding-bottom:8rem;padding-left:5rem\">\n<h1 class=\"wp-block-heading has-text-align-center\" style=\"margin-bottom:3rem\">Camping in der N\u00e4he der sch\u00f6nsten Spots der Normandie<\/h1>\n\n\n\n<div class=\"wp-block-query is-layout-flow wp-block-query-is-layout-flow\"><ul style=\"margin-top:0px;\" class=\"wp-block-post-template is-layout-flow wp-block-post-template-is-layout-flow\"><li class=\"wp-block-post post-5987 page type-page status-publish has-post-thumbnail hentry\">\n<a href=\"https:\/\/www.campingbelleetoile.com\/de\/agon-coutainville\/\"    style=\"padding-top:0;padding-bottom:0;padding-left:0;padding-right:0;margin-top:0px;\" class=\"wp-block-tiptip-hyperlink-group-block\" >\n<div class=\"wp-block-group has-base-2-background-color has-background has-global-padding is-layout-constrained wp-block-group-is-layout-constrained\" style=\"border-top-left-radius:0px;border-top-right-radius:0px;border-bottom-left-radius:0px;border-bottom-right-radius:0px;margin-top:0px\">\n<figure class=\"wp-block-image cover\"><img decoding=\"async\" src=\"https:\/\/www.campingbelleetoile.com\/wp-content\/uploads\/2026\/02\/agon.jpg\" alt=\"\"\/><\/figure>\n\n\n\n<div class=\"wp-block-group has-global-padding is-layout-constrained wp-container-core-group-is-layout-86dba5ee wp-block-group-is-layout-constrained\" style=\"padding-top:var(--wp--preset--spacing--10);padding-right:var(--wp--preset--spacing--10);padding-bottom:var(--wp--preset--spacing--10);padding-left:var(--wp--preset--spacing--10)\">\n<p class=\"has-custom-color-1-color has-text-color has-link-color wp-elements-356779796d33bb207ecfb67b4faa202f\" style=\"font-size:clamp(1.25rem, 1.25rem + ((1vw - 0.2rem) * 1.25), 2rem);\">Campingplatz Agon-Coutainville<\/p>\n\n\n<div class=\"wp-block-post-excerpt\"><p class=\"wp-block-post-excerpt__excerpt\">Campingplatz Agon-Coutainville Mobilheimvermietung auf dem Campingplatz Agon Coutainville mit beheiztem Schwimmbad CAMPING BELLE ETOILE ****, ein Familiencampingplatz 10 Minuten vonAgon Coutainville im Departement Manche in der Normandie entfernt, empf\u00e4ngt Sie&hellip; <\/p><\/div>\n\n\n<p class=\"has-text-align-center fake-btn has-base-2-color has-custom-color-1-background-color has-text-color has-background has-link-color wp-elements-b5f5feadf38a86e06f5f34810b59eb9e\" style=\"padding-top:10px;padding-right:10px;padding-bottom:10px;padding-left:10px\">Entdecken Sie<\/p>\n<\/div>\n<\/div>\n<\/a>\n<\/li><li class=\"wp-block-post post-5995 page type-page status-publish has-post-thumbnail hentry\">\n<a href=\"https:\/\/www.campingbelleetoile.com\/de\/camping-avranches\/\"    style=\"padding-top:0;padding-bottom:0;padding-left:0;padding-right:0;margin-top:0px;\" class=\"wp-block-tiptip-hyperlink-group-block\" >\n<div class=\"wp-block-group has-base-2-background-color has-background has-global-padding is-layout-constrained wp-block-group-is-layout-constrained\" style=\"border-top-left-radius:0px;border-top-right-radius:0px;border-bottom-left-radius:0px;border-bottom-right-radius:0px;margin-top:0px\">\n<figure class=\"wp-block-image cover\"><img decoding=\"async\" src=\"https:\/\/www.campingbelleetoile.com\/wp-content\/uploads\/2026\/02\/visiter-avranches.jpg\" alt=\"\"\/><\/figure>\n\n\n\n<div class=\"wp-block-group has-global-padding is-layout-constrained wp-container-core-group-is-layout-86dba5ee wp-block-group-is-layout-constrained\" style=\"padding-top:var(--wp--preset--spacing--10);padding-right:var(--wp--preset--spacing--10);padding-bottom:var(--wp--preset--spacing--10);padding-left:var(--wp--preset--spacing--10)\">\n<p class=\"has-custom-color-1-color has-text-color has-link-color wp-elements-356779796d33bb207ecfb67b4faa202f\" style=\"font-size:clamp(1.25rem, 1.25rem + ((1vw - 0.2rem) * 1.25), 2rem);\">Campingplatz Avranches<\/p>\n\n\n<div class=\"wp-block-post-excerpt\"><p class=\"wp-block-post-excerpt__excerpt\">Campingplatz Avranches Ferienunterk\u00fcnfte auf dem Campingplatz Avranches mit Schwimmbad Le Campingplatz BELLE ETOILE ****55 Minuten von Avranches entfernt, bietet Ihnen eine gro\u00dfe Auswahl anCampingpl\u00e4tzen und Mobilheimen f\u00fcr Ihren Urlaub. Wir&hellip; <\/p><\/div>\n\n\n<p class=\"has-text-align-center fake-btn has-base-2-color has-custom-color-1-background-color has-text-color has-background has-link-color wp-elements-b5f5feadf38a86e06f5f34810b59eb9e\" style=\"padding-top:10px;padding-right:10px;padding-bottom:10px;padding-left:10px\">Entdecken Sie<\/p>\n<\/div>\n<\/div>\n<\/a>\n<\/li><li class=\"wp-block-post post-6001 page type-page status-publish has-post-thumbnail hentry\">\n<a href=\"https:\/\/www.campingbelleetoile.com\/de\/campingplatz-blainville-sur-mer\/\"    style=\"padding-top:0;padding-bottom:0;padding-left:0;padding-right:0;margin-top:0px;\" class=\"wp-block-tiptip-hyperlink-group-block\" >\n<div class=\"wp-block-group has-base-2-background-color has-background has-global-padding is-layout-constrained wp-block-group-is-layout-constrained\" style=\"border-top-left-radius:0px;border-top-right-radius:0px;border-bottom-left-radius:0px;border-bottom-right-radius:0px;margin-top:0px\">\n<figure class=\"wp-block-image cover\"><img decoding=\"async\" src=\"https:\/\/www.campingbelleetoile.com\/wp-content\/uploads\/2026\/02\/blainville-sur-mer.jpg\" alt=\"\"\/><\/figure>\n\n\n\n<div class=\"wp-block-group has-global-padding is-layout-constrained wp-container-core-group-is-layout-86dba5ee wp-block-group-is-layout-constrained\" style=\"padding-top:var(--wp--preset--spacing--10);padding-right:var(--wp--preset--spacing--10);padding-bottom:var(--wp--preset--spacing--10);padding-left:var(--wp--preset--spacing--10)\">\n<p class=\"has-custom-color-1-color has-text-color has-link-color wp-elements-356779796d33bb207ecfb67b4faa202f\" style=\"font-size:clamp(1.25rem, 1.25rem + ((1vw - 0.2rem) * 1.25), 2rem);\">Campingplatz Blainville Sur Mer<\/p>\n\n\n<div class=\"wp-block-post-excerpt\"><p class=\"wp-block-post-excerpt__excerpt\">Campingplatz Blainville Sur Mer Mobilheimvermietung auf dem Campingplatz Blainville Sur Mer mit beheiztem Schwimmbad Le Campingplatz BELLE ETOILE ****5 Minuten von Blainville Sur Mer entfernt, bietet Ihnen eine gro\u00dfe Auswahl&hellip; <\/p><\/div>\n\n\n<p class=\"has-text-align-center fake-btn has-base-2-color has-custom-color-1-background-color has-text-color has-background has-link-color wp-elements-b5f5feadf38a86e06f5f34810b59eb9e\" style=\"padding-top:10px;padding-right:10px;padding-bottom:10px;padding-left:10px\">Entdecken Sie<\/p>\n<\/div>\n<\/div>\n<\/a>\n<\/li><li class=\"wp-block-post post-6007 page type-page status-publish has-post-thumbnail hentry\">\n<a href=\"https:\/\/www.campingbelleetoile.com\/de\/campingplatz-gouville\/\"    style=\"padding-top:0;padding-bottom:0;padding-left:0;padding-right:0;margin-top:0px;\" class=\"wp-block-tiptip-hyperlink-group-block\" >\n<div class=\"wp-block-group has-base-2-background-color has-background has-global-padding is-layout-constrained wp-block-group-is-layout-constrained\" style=\"border-top-left-radius:0px;border-top-right-radius:0px;border-bottom-left-radius:0px;border-bottom-right-radius:0px;margin-top:0px\">\n<figure class=\"wp-block-image cover\"><img decoding=\"async\" src=\"https:\/\/www.campingbelleetoile.com\/wp-content\/uploads\/2026\/02\/visiter-gouville.jpg\" alt=\"\"\/><\/figure>\n\n\n\n<div class=\"wp-block-group has-global-padding is-layout-constrained wp-container-core-group-is-layout-86dba5ee wp-block-group-is-layout-constrained\" style=\"padding-top:var(--wp--preset--spacing--10);padding-right:var(--wp--preset--spacing--10);padding-bottom:var(--wp--preset--spacing--10);padding-left:var(--wp--preset--spacing--10)\">\n<p class=\"has-custom-color-1-color has-text-color has-link-color wp-elements-356779796d33bb207ecfb67b4faa202f\" style=\"font-size:clamp(1.25rem, 1.25rem + ((1vw - 0.2rem) * 1.25), 2rem);\">Campingplatz Gouville sur Mer<\/p>\n\n\n<div class=\"wp-block-post-excerpt\"><p class=\"wp-block-post-excerpt__excerpt\">Campingplatz Gouville sur Mer Gouville sur Mer, ein Badeort in der Cotentin in der Basse Normandie. Buchen Sie jetzt Ihren Aufenthalt in einem Mobilheim oder auf einem Stellplatz f\u00fcr Camper&hellip; <\/p><\/div>\n\n\n<p class=\"has-text-align-center fake-btn has-base-2-color has-custom-color-1-background-color has-text-color has-background has-link-color wp-elements-b5f5feadf38a86e06f5f34810b59eb9e\" style=\"padding-top:10px;padding-right:10px;padding-bottom:10px;padding-left:10px\">Entdecken Sie<\/p>\n<\/div>\n<\/div>\n<\/a>\n<\/li><li class=\"wp-block-post post-6013 page type-page status-publish has-post-thumbnail hentry\">\n<a href=\"https:\/\/www.campingbelleetoile.com\/de\/granville\/\"    style=\"padding-top:0;padding-bottom:0;padding-left:0;padding-right:0;margin-top:0px;\" class=\"wp-block-tiptip-hyperlink-group-block\" >\n<div class=\"wp-block-group has-base-2-background-color has-background has-global-padding is-layout-constrained wp-block-group-is-layout-constrained\" style=\"border-top-left-radius:0px;border-top-right-radius:0px;border-bottom-left-radius:0px;border-bottom-right-radius:0px;margin-top:0px\">\n<figure class=\"wp-block-image cover\"><img decoding=\"async\" src=\"https:\/\/www.campingbelleetoile.com\/wp-content\/uploads\/2026\/02\/granville-2.jpg\" alt=\"\"\/><\/figure>\n\n\n\n<div class=\"wp-block-group has-global-padding is-layout-constrained wp-container-core-group-is-layout-86dba5ee wp-block-group-is-layout-constrained\" style=\"padding-top:var(--wp--preset--spacing--10);padding-right:var(--wp--preset--spacing--10);padding-bottom:var(--wp--preset--spacing--10);padding-left:var(--wp--preset--spacing--10)\">\n<p class=\"has-custom-color-1-color has-text-color has-link-color wp-elements-356779796d33bb207ecfb67b4faa202f\" style=\"font-size:clamp(1.25rem, 1.25rem + ((1vw - 0.2rem) * 1.25), 2rem);\">Campingplatz Granville<\/p>\n\n\n<div class=\"wp-block-post-excerpt\"><p class=\"wp-block-post-excerpt__excerpt\">Campingplatz Granville Mobilheimvermietung auf dem Campingplatz Granville mit beheiztem Schwimmbad Suchen Sie einen Campingplatz in der N\u00e4he von Granville, um einen Urlaub am Meer zu verbringen? Der Campingplatz BELLE ETOILE&hellip; <\/p><\/div>\n\n\n<p class=\"has-text-align-center fake-btn has-base-2-color has-custom-color-1-background-color has-text-color has-background has-link-color wp-elements-b5f5feadf38a86e06f5f34810b59eb9e\" style=\"padding-top:10px;padding-right:10px;padding-bottom:10px;padding-left:10px\">Entdecken Sie<\/p>\n<\/div>\n<\/div>\n<\/a>\n<\/li><li class=\"wp-block-post post-6023 page type-page status-publish has-post-thumbnail hentry\">\n<a href=\"https:\/\/www.campingbelleetoile.com\/de\/campingplatz-normandie\/\"    style=\"padding-top:0;padding-bottom:0;padding-left:0;padding-right:0;margin-top:0px;\" class=\"wp-block-tiptip-hyperlink-group-block\" >\n<div class=\"wp-block-group has-base-2-background-color has-background has-global-padding is-layout-constrained wp-block-group-is-layout-constrained\" style=\"border-top-left-radius:0px;border-top-right-radius:0px;border-bottom-left-radius:0px;border-bottom-right-radius:0px;margin-top:0px\">\n<figure class=\"wp-block-image cover\"><img decoding=\"async\" src=\"https:\/\/www.campingbelleetoile.com\/wp-content\/uploads\/2026\/02\/village-mont-saint-michel.jpg\" alt=\"\"\/><\/figure>\n\n\n\n<div class=\"wp-block-group has-global-padding is-layout-constrained wp-container-core-group-is-layout-86dba5ee wp-block-group-is-layout-constrained\" style=\"padding-top:var(--wp--preset--spacing--10);padding-right:var(--wp--preset--spacing--10);padding-bottom:var(--wp--preset--spacing--10);padding-left:var(--wp--preset--spacing--10)\">\n<p class=\"has-custom-color-1-color has-text-color has-link-color wp-elements-356779796d33bb207ecfb67b4faa202f\" style=\"font-size:clamp(1.25rem, 1.25rem + ((1vw - 0.2rem) * 1.25), 2rem);\">Campingplatz Normandie<\/p>\n\n\n<div class=\"wp-block-post-excerpt\"><p class=\"wp-block-post-excerpt__excerpt\">Campingplatz Normandie Auf der Suche nach einem Campingplatz in der Normandie?Der 4-Sterne-Campingplatz Belle Etoile l\u00e4dt Sie dazu ein, in den Charme der normannischen Landschaft und Geschichte einzutauchen. Nicht weit von&hellip; <\/p><\/div>\n\n\n<p class=\"has-text-align-center fake-btn has-base-2-color has-custom-color-1-background-color has-text-color has-background has-link-color wp-elements-b5f5feadf38a86e06f5f34810b59eb9e\" style=\"padding-top:10px;padding-right:10px;padding-bottom:10px;padding-left:10px\">Entdecken Sie<\/p>\n<\/div>\n<\/div>\n<\/a>\n<\/li><li class=\"wp-block-post post-6051 page type-page status-publish has-post-thumbnail hentry\">\n<a href=\"https:\/\/www.campingbelleetoile.com\/de\/mont-saint-michel\/\"    style=\"padding-top:0;padding-bottom:0;padding-left:0;padding-right:0;margin-top:0px;\" class=\"wp-block-tiptip-hyperlink-group-block\" >\n<div class=\"wp-block-group has-base-2-background-color has-background has-global-padding is-layout-constrained wp-block-group-is-layout-constrained\" style=\"border-top-left-radius:0px;border-top-right-radius:0px;border-bottom-left-radius:0px;border-bottom-right-radius:0px;margin-top:0px\">\n<figure class=\"wp-block-image cover\"><img decoding=\"async\" src=\"https:\/\/www.campingbelleetoile.com\/wp-content\/uploads\/2026\/02\/camping-mont-saint-michel.jpg\" alt=\"\"\/><\/figure>\n\n\n\n<div class=\"wp-block-group has-global-padding is-layout-constrained wp-container-core-group-is-layout-86dba5ee wp-block-group-is-layout-constrained\" style=\"padding-top:var(--wp--preset--spacing--10);padding-right:var(--wp--preset--spacing--10);padding-bottom:var(--wp--preset--spacing--10);padding-left:var(--wp--preset--spacing--10)\">\n<p class=\"has-custom-color-1-color has-text-color has-link-color wp-elements-356779796d33bb207ecfb67b4faa202f\" style=\"font-size:clamp(1.25rem, 1.25rem + ((1vw - 0.2rem) * 1.25), 2rem);\">Der Mont-Saint-Michel<\/p>\n\n\n<div class=\"wp-block-post-excerpt\"><p class=\"wp-block-post-excerpt__excerpt\">Der Mont-Saint-Michel Vermietung Mobilheim auf dem Campingplatz Mont Saint Michel mit beheiztem Schwimmbad Der Campingplatz BELLE ETOILE **** liegt etwa eine Stunde von Mont Saint Michel entfernt und bietet Ihnen&hellip; <\/p><\/div>\n\n\n<p class=\"has-text-align-center fake-btn has-base-2-color has-custom-color-1-background-color has-text-color has-background has-link-color wp-elements-b5f5feadf38a86e06f5f34810b59eb9e\" style=\"padding-top:10px;padding-right:10px;padding-bottom:10px;padding-left:10px\">Entdecken Sie<\/p>\n<\/div>\n<\/div>\n<\/a>\n<\/li><\/ul><\/div>\n<\/section>\n","protected":false},"excerpt":{"rendered":"<p>Camping in der N\u00e4he der sch\u00f6nsten Spots der Normandie<\/p>\n","protected":false},"author":1,"featured_media":5754,"parent":0,"menu_order":0,"comment_status":"closed","ping_status":"closed","template":"","meta":{"_seopress_robots_primary_cat":"","_seopress_titles_title":"","_seopress_titles_desc":"","_seopress_robots_index":"","inline_featured_image":false,"gt_fse_maillage_image":"https:\/\/www.campingbelleetoile.com\/wp-content\/uploads\/2026\/02\/nez-de-jobourg.jpg","gt_fse_maillage_titre":"Automatischer Entwurf","gt_fse_maillage_alt":"Umgebung","gt_fse_maillage_resume":"","footnotes":""},"categories":[],"tags":[],"class_list":["post-7368","page","type-page","status-publish","has-post-thumbnail","hentry"],"_links":{"self":[{"href":"https:\/\/www.campingbelleetoile.com\/de\/wp-json\/wp\/v2\/pages\/7368","targetHints":{"allow":["GET"]}}],"collection":[{"href":"https:\/\/www.campingbelleetoile.com\/de\/wp-json\/wp\/v2\/pages"}],"about":[{"href":"https:\/\/www.campingbelleetoile.com\/de\/wp-json\/wp\/v2\/types\/page"}],"author":[{"embeddable":true,"href":"https:\/\/www.campingbelleetoile.com\/de\/wp-json\/wp\/v2\/users\/1"}],"replies":[{"embeddable":true,"href":"https:\/\/www.campingbelleetoile.com\/de\/wp-json\/wp\/v2\/comments?post=7368"}],"version-history":[{"count":1,"href":"https:\/\/www.campingbelleetoile.com\/de\/wp-json\/wp\/v2\/pages\/7368\/revisions"}],"predecessor-version":[{"id":7369,"href":"https:\/\/www.campingbelleetoile.com\/de\/wp-json\/wp\/v2\/pages\/7368\/revisions\/7369"}],"wp:featuredmedia":[{"embeddable":true,"href":"https:\/\/www.campingbelleetoile.com\/de\/wp-json\/wp\/v2\/media\/5754"}],"wp:attachment":[{"href":"https:\/\/www.campingbelleetoile.com\/de\/wp-json\/wp\/v2\/media?parent=7368"}],"wp:term":[{"taxonomy":"category","embeddable":true,"href":"https:\/\/www.campingbelleetoile.com\/de\/wp-json\/wp\/v2\/categories?post=7368"},{"taxonomy":"post_tag","embeddable":true,"href":"https:\/\/www.campingbelleetoile.com\/de\/wp-json\/wp\/v2\/tags?post=7368"}],"curies":[{"name":"wp","href":"https:\/\/api.w.org\/{rel}","templated":true}]}}